{"id":1819,"date":"2025-09-19T11:14:56","date_gmt":"2025-09-19T11:14:56","guid":{"rendered":"https:\/\/link-sl.eu\/aviso-legal\/"},"modified":"2025-10-14T14:40:31","modified_gmt":"2025-10-14T14:40:31","slug":"aviso-legal","status":"publish","type":"page","link":"https:\/\/link-sl.eu\/es\/aviso-legal\/","title":{"rendered":"Aviso legal"},"content":{"rendered":"[vc_row type=\u00bbin_container\u00bb full_screen_row_position=\u00bbmiddle\u00bb column_margin=\u00bbdefault\u00bb column_direction=\u00bbdefault\u00bb column_direction_tablet=\u00bbdefault\u00bb column_direction_phone=\u00bbdefault\u00bb scene_position=\u00bbcenter\u00bb text_color=\u00bbdark\u00bb text_align=\u00bbleft\u00bb row_border_radius=\u00bbnone\u00bb row_border_radius_applies=\u00bbbg\u00bb overflow=\u00bbvisible\u00bb overlay_strength=\u00bb0.3&#8243; gradient_direction=\u00bbleft_to_right\u00bb shape_divider_position=\u00bbbottom\u00bb bg_image_animation=\u00bbnone\u00bb][vc_column column_padding=\u00bbno-extra-padding\u00bb column_padding_tablet=\u00bbinherit\u00bb column_padding_phone=\u00bbinherit\u00bb column_padding_position=\u00bball\u00bb column_element_direction_desktop=\u00bbdefault\u00bb column_element_spacing=\u00bbdefault\u00bb desktop_text_alignment=\u00bbdefault\u00bb tablet_text_alignment=\u00bbdefault\u00bb phone_text_alignment=\u00bbdefault\u00bb background_color_opacity=\u00bb1&#8243; background_hover_color_opacity=\u00bb1&#8243; column_backdrop_filter=\u00bbnone\u00bb column_shadow=\u00bbnone\u00bb column_border_radius=\u00bbnone\u00bb column_link_target=\u00bb_self\u00bb column_position=\u00bbdefault\u00bb gradient_direction=\u00bbleft_to_right\u00bb overlay_strength=\u00bb0.3&#8243; width=\u00bb1\/1&#8243; tablet_width_inherit=\u00bbdefault\u00bb animation_type=\u00bbdefault\u00bb bg_image_animation=\u00bbnone\u00bb border_type=\u00bbsimple\u00bb column_border_width=\u00bbnone\u00bb column_border_style=\u00bbsolid\u00bb][nectar_responsive_text inherited_font_style=\u00bbdefault\u00bb text_color=\u00bb#2992a0&#8243; text_direction=\u00bbdefault\u00bb]\n<h1><span style=\"font-family: gotham-medium;\">Aviso legal<\/span><\/h1>\n<p>\n[\/nectar_responsive_text][nectar_responsive_text inherited_font_style=\u00bbp\u00bb text_color=\u00bb#000000&#8243; text_direction=\u00bbdefault\u00bb]<span style=\"font-weight: 400; font-size: 12pt;\">Por favor, lea todos los apartados del presente Aviso Legal antes de utilizar este sitio web. Las siguientes condiciones son vinculantes para cualquier usuario del mismo.\u00a0<\/span><\/p>\n<p><span style=\"font-weight: 400; font-size: 12pt;\">En cumplimiento con el deber de informaci\u00f3n dispuesto en la Ley 34\/2002 de Servicios de la Sociedad de la Informaci\u00f3n y el Comercio Electr\u00f3nico (LSSI-CE) de 11 de julio, se facilitan a continuaci\u00f3n los siguientes datos de informaci\u00f3n general de este sitio web.<\/span><\/p>\n<p><span style=\"font-weight: 400; font-size: 12pt;\">La raz\u00f3n de este texto es explicarle de manera detallada las funcionalidades de esta web y aportarle aquella informaci\u00f3n relacionada con el titular de la web y la finalidad de los contenidos incluidos en ella.<\/span><\/p>\n<h2><span style=\"font-size: 12pt;\"><b>DATOS IDENTIFICACI\u00d3N<\/b><\/span><\/h2>\n<p><span style=\"font-weight: 400; font-size: 12pt;\">El presente Aviso Legal regula el uso del servicio del sitio web https:\/\/link-sl.eu inform\u00e1ndole en cumplimiento de la Ley 34\/2002, de 11 de julio, de Servicios de la Sociedad de la Informaci\u00f3n y de Comercio Electr\u00f3nico, de los siguientes extremos:<\/span><\/p>\n<p><span style=\"font-size: 12pt;\"><b>Nombre de la empresa:<\/b><span style=\"font-weight: 400;\"> Link Gesti\u00f3 del Coneixement, S.L.<\/span><\/span><\/p>\n<p><span style=\"font-size: 12pt;\"><b>Direcci\u00f3n:<\/b><span style=\"font-weight: 400;\"> Avinguda des camp verd, 4, Planta baja, 07730, Alaior, Baleares<\/span><\/span><\/p>\n<p><span style=\"font-size: 12pt;\"><b>Correo Electr\u00f3nico:<\/b> <a href=\"mailto:info@link-sl.eu\"><span style=\"font-weight: 400;\">info@link-sl.eu<\/span><\/a><span style=\"font-weight: 400;\">\u00a0<\/span><\/span><\/p>\n<p><span style=\"font-size: 12pt;\"><b>Tel\u00e9fono de contacto:<\/b><span style=\"font-weight: 400;\"> 937 37 94 90<\/span><\/span><\/p>\n<p><span style=\"font-size: 12pt;\"><b>CIF:<\/b><span style=\"font-weight: 400;\"> B64433436<\/span><\/span><\/p>\n<p><span style=\"font-size: 12pt;\"><b>Datos Registrales: <\/b><span style=\"font-weight: 400;\">Registro Mercantil de Menorca, Tomo 175, folio 177 y hoja IM-6950.\u00a0\u00a0<\/span><\/span><\/p>\n<p><span style=\"font-size: 12pt;\"><b>Representante legal:<\/b><span style=\"font-weight: 400;\">\u00a0 Oriol Buch i Ros<\/span><\/span><\/p>\n<h2><span style=\"font-size: 12pt;\"><b>USO DEL SITIO WEB Y OBLIGACIONES DE LOS USUARIOS.\u00a0<\/b><\/span><\/h2>\n<p><span style=\"font-weight: 400; font-size: 12pt;\">El usuario se compromete a utilizar el sitio web, el contenido y servicios, sin contravenir la legislaci\u00f3n vigente, los usos generalmente aceptados y el orden p\u00fablico. Queda prohibido el uso del sitio web con fines il\u00edcitos o lesivos contra Link Gesti\u00f3 del Coneixement, S.L. o un tercero, que, de cualquier forma, puedan causar perjuicio o impedir el normal uso del sitio web.<\/span><\/p>\n<p><span style=\"font-weight: 400; font-size: 12pt;\">Link Gesti\u00f3 del Coneixement, S.L. garantiza que los contenidos y servicios que ofrece el portal respetan el principio de dignidad de la persona, de protecci\u00f3n de la juventud y la infancia, de no-discriminaci\u00f3n por motivos de raza, sexo, religi\u00f3n, opini\u00f3n, nacionalidad, discapacidad o cualquier otro aspecto personal y social.<\/span><\/p>\n<p><span style=\"font-weight: 400; font-size: 12pt;\">Las presentes Condiciones Generales de Uso del sitio web no confieren al usuario ning\u00fan otro derecho de uso, alteraci\u00f3n, explotaci\u00f3n, reproducci\u00f3n, distribuci\u00f3n o comunicaci\u00f3n p\u00fablica de los contenidos del sitio web distintos de los aqu\u00ed expresamente previstos.\u00a0<\/span><\/p>\n<p><span style=\"font-weight: 400; font-size: 12pt;\">Los contenidos (informaci\u00f3n, archivos de sonido y\/o imagen, fotograf\u00edas, dise\u00f1os, etc.) recogidos en el portal, son propiedad de Link Gesti\u00f3 del Coneixement, S.L. o la misma se encuentra debidamente autorizada para su difusi\u00f3n por sus leg\u00edtimos titulares.\u00a0<\/span><\/p>\n<p><span style=\"font-weight: 400; font-size: 12pt;\">Link Gesti\u00f3 del Coneixement, S.L. se compromete a no realizar publicidad enga\u00f1osa y por tanto, queda prohibido:<\/span><\/p>\n<ul>\n<li style=\"font-weight: 400;\" aria-level=\"1\"><span style=\"font-weight: 400; font-size: 12pt;\">El uso para todo tipo de fines comerciales o publicitarios, distintos de los estrictamente permitidos.<\/span><\/li>\n<li style=\"font-weight: 400;\" aria-level=\"1\"><span style=\"font-weight: 400; font-size: 12pt;\">Su reproducci\u00f3n, publicaci\u00f3n, distribuci\u00f3n o modificaci\u00f3n, total o parcial a menos que se cuente con la autorizaci\u00f3n previa y por escrito de sus leg\u00edtimos titulares o resulte legalmente permitido.<\/span><\/li>\n<li style=\"font-weight: 400;\" aria-level=\"1\"><span style=\"font-weight: 400; font-size: 12pt;\">Cualquier vulneraci\u00f3n de los derechos de Link Gesti\u00f3 del Coneixement, S.L. o de sus leg\u00edtimos titulares sobre los mismos.<\/span><\/li>\n<\/ul>\n<p><\/p>\n<h2><span style=\"font-size: 12pt;\"><b>PROPIEDAD INTELECTUAL E INDUSTRIAL<\/b><\/span><\/h2>\n<p><span style=\"font-weight: 400; font-size: 12pt;\">El usuario reconoce y acepta que todos los derechos de propiedad industrial e intelectual sobre los contenidos y\/o cualesquiera otros elementos insertados en el sitio web pertenecen a Link Gesti\u00f3 del Coneixement, S.L. o la misma se encuentra debidamente autorizada para su difusi\u00f3n en la presente website.<\/span><\/p>\n<p><span style=\"font-weight: 400; font-size: 12pt;\">En el caso de que un usuario o un tercero consideren que se ha producido una violaci\u00f3n de sus leg\u00edtimos derechos de propiedad intelectual por la introducci\u00f3n de un determinado contenido en la website, deber\u00e1 notificar dicha circunstancia a Link Gesti\u00f3 del Coneixement, S.L. indicando:<\/span><\/p>\n<ul>\n<li style=\"font-weight: 400;\" aria-level=\"1\"><span style=\"font-weight: 400; font-size: 12pt;\">Datos del titular de los derechos presuntamente infringidos, o indicar la representaci\u00f3n con la que act\u00faa en caso de que la reclamaci\u00f3n la presente un tercero distinto del interesado.<\/span><\/li>\n<li style=\"font-weight: 400;\" aria-level=\"1\"><span style=\"font-weight: 400; font-size: 12pt;\">Se\u00f1alar los contenidos protegidos por los derechos de propiedad intelectual y su ubicaci\u00f3n en la web, la acreditaci\u00f3n de los derechos de propiedad intelectual se\u00f1alados y declaraci\u00f3n expresa en la que el interesado se responsabiliza de la veracidad de las informaciones facilitadas en la notificaci\u00f3n.<\/span><\/li>\n<\/ul>\n<p><\/p>\n<h2><span style=\"font-size: 12pt;\"><b>ENLACES\u00a0<\/b><\/span><\/h2>\n<p><span style=\"font-weight: 400; font-size: 12pt;\">El presente sitio web proporciona enlaces a otros sitios web propios y contenidos que son propiedad de terceros.\u00a0<\/span><\/p>\n<p><span style=\"font-weight: 400; font-size: 12pt;\">El \u00fanico objeto de los enlaces es proporcionar al usuario la posibilidad de acceder a dichos enlaces. Link Gesti\u00f3 del Coneixement, S.L. no se responsabiliza en ning\u00fan caso de los resultados que puedan derivarse al usuario por el acceso a dichos enlaces.<\/span><\/p>\n<p><span style=\"font-weight: 400; font-size: 12pt;\">El usuario que se proponga establecer cualquier dispositivo t\u00e9cnico de enlace desde su sitio web al portal deber\u00e1 obtener la autorizaci\u00f3n previa y escrita de Link Gesti\u00f3 del Coneixement, S.L.. El establecimiento del enlace no implica en ning\u00fan caso la existencia de relaciones entre Link Gesti\u00f3 del Coneixement, S.L. y el propietario del sitio en el que se establezca el enlace, ni la aceptaci\u00f3n o aprobaci\u00f3n por parte de Link Gesti\u00f3 del Coneixement, S.L. de sus contenidos o servicios.<\/span><\/p>\n<p><span style=\"font-weight: 400; font-size: 12pt;\">El sitio web en el que se establezca el enlace no contendr\u00e1 ninguna marca, denominaci\u00f3n, logotipo, eslogan u otros signos distintivos pertenecientes a Link Gesti\u00f3 del Coneixement, S.L., salvo los expresamente autorizados.<\/span><\/p>\n<h2><span style=\"font-size: 12pt;\"><b>MODIFICACI\u00d3N UNILATERAL Y DURACI\u00d3N\u00a0<\/b><\/span><\/h2>\n<p><span style=\"font-weight: 400; font-size: 12pt;\">Link Gesti\u00f3 del Coneixement, S.L. se reserva el derecho de modificar, en cualquier momento y sin necesidad de previo aviso, la presentaci\u00f3n y configuraci\u00f3n del sitio web as\u00ed como el presente Aviso Legal.<\/span><\/p>\n<p><span style=\"font-size: 12pt;\"><b>EXCLUSI\u00d3N DE GARANT\u00cdAS Y RESPONSABILIDAD<\/b><span style=\"font-weight: 400;\">\u00a0<\/span><\/span><\/p>\n<p><span style=\"font-weight: 400; font-size: 12pt;\">Link Gesti\u00f3 del Coneixement, S.L. no otorga ninguna garant\u00eda ni se hace responsable, en ning\u00fan caso, de los da\u00f1os y perjuicios de cualquier naturaleza que pudieran acarrear a causa de:<\/span><\/p>\n<ul>\n<li style=\"font-weight: 400;\" aria-level=\"1\"><span style=\"font-weight: 400; font-size: 12pt;\">La falta disponibilidad, mantenimiento y efectivo funcionamiento de la Web y\/o de sus servicios o contenidos.<\/span><\/li>\n<li style=\"font-weight: 400;\" aria-level=\"1\"><span style=\"font-weight: 400; font-size: 12pt;\">La existencia de virus, programas maliciosos o lesivos en los contenidos.<\/span><\/li>\n<li style=\"font-weight: 400;\" aria-level=\"1\"><span style=\"font-weight: 400; font-size: 12pt;\">El uso il\u00edcito, negligente, fraudulento, contrario a las presentes condiciones, a la buena fe, a los usos generalmente aceptados o al orden p\u00fablico, del sitio Web, sus servicios o contenidos, por parte de los usuarios.<\/span><\/li>\n<\/ul>\n<p><\/p>\n<h2><span style=\"font-size: 12pt;\"><b>TRATAMIENTO DE DATOS PERSONALES\u00a0<\/b><\/span><\/h2>\n<p><span style=\"font-weight: 400; font-size: 12pt;\">Link Gesti\u00f3 del Coneixement, S.L. tal y como recoge en su \u201cPOL\u00cdTICA DE PRIVACIDAD\u201d que puede consultar en este sitio web, ha adoptado los niveles de seguridad adecuados a los datos que trata y gestiona, incorporando todos los medios y medidas t\u00e9cnicas a su alcance para garantizar su confidencialidad, evitar su mal uso, p\u00e9rdida, alteraci\u00f3n, acceso no autorizado y robo.<\/span><\/p>\n<h2><span style=\"font-size: 12pt;\"><b>LEGISLACI\u00d3N APLICABLE Y JURISDICCI\u00d3N\u00a0<\/b><\/span><\/h2>\n<p><span style=\"font-weight: 400; font-size: 12pt;\">Para la resoluci\u00f3n de todas las controversias o cuestiones relacionadas con el presente sitio web o de las actividades en \u00e9l desarrolladas, ser\u00e1 de aplicaci\u00f3n la legislaci\u00f3n espa\u00f1ola, a la que se someten expresamente las partes, siendo competentes para la resoluci\u00f3n de todos los conflictos derivados o relacionados con su uso, los Juzgados y Tribunales del domicilio del demandante que se identifique como consumidor, en caso contrario los Juzgados y Tribunales competentes ser\u00e1n los de la ciudad de Baleares (Espa\u00f1a)<\/span><\/p>\n<h2><span style=\"font-size: 12pt;\"><b>CONTACTO\u00a0<\/b><\/span><\/h2>\n<p><span style=\"font-weight: 400; font-size: 12pt;\">En caso de que cualquier usuario tuviese alguna duda acerca del presente aviso legal o cualquier comentario sobre el mismo puede dirigirse a info@link-sl.eu\u00a0 o enviar una comunicaci\u00f3n escrita a la direcci\u00f3n que consta en el encabezado.<\/span>[\/nectar_responsive_text][\/vc_column][\/vc_row]\n","protected":false},"excerpt":{"rendered":"<p>[vc_row type=\u00bbin_container\u00bb full_screen_row_position=\u00bbmiddle\u00bb column_margin=\u00bbdefault\u00bb column_direction=\u00bbdefault\u00bb column_direction_tablet=\u00bbdefault\u00bb column_direction_phone=\u00bbdefault\u00bb scene_position=\u00bbcenter\u00bb text_color=\u00bbdark\u00bb text_align=\u00bbleft\u00bb row_border_radius=\u00bbnone\u00bb row_border_radius_applies=\u00bbbg\u00bb overflow=\u00bbvisible\u00bb overlay_strength=\u00bb0.3&#8243; gradient_direction=\u00bbleft_to_right\u00bb shape_divider_position=\u00bbbottom\u00bb bg_image_animation=\u00bbnone\u00bb][vc_column column_padding=\u00bbno-extra-padding\u00bb column_padding_tablet=\u00bbinherit\u00bb column_padding_phone=\u00bbinherit\u00bb column_padding_position=\u00bball\u00bb column_element_direction_desktop=\u00bbdefault\u00bb column_element_spacing=\u00bbdefault\u00bb desktop_text_alignment=\u00bbdefault\u00bb tablet_text_alignment=\u00bbdefault\u00bb phone_text_alignment=\u00bbdefault\u00bb background_color_opacity=\u00bb1&#8243; background_hover_color_opacity=\u00bb1&#8243; column_backdrop_filter=\u00bbnone\u00bb column_shadow=\u00bbnone\u00bb&#8230;<\/p>\n","protected":false},"author":1,"featured_media":0,"parent":0,"menu_order":22,"comment_status":"closed","ping_status":"closed","template":"","meta":{"footnotes":""},"class_list":["post-1819","page","type-page","status-publish"],"_links":{"self":[{"href":"https:\/\/link-sl.eu\/es\/wp-json\/wp\/v2\/pages\/1819","targetHints":{"allow":["GET"]}}],"collection":[{"href":"https:\/\/link-sl.eu\/es\/wp-json\/wp\/v2\/pages"}],"about":[{"href":"https:\/\/link-sl.eu\/es\/wp-json\/wp\/v2\/types\/page"}],"author":[{"embeddable":true,"href":"https:\/\/link-sl.eu\/es\/wp-json\/wp\/v2\/users\/1"}],"replies":[{"embeddable":true,"href":"https:\/\/link-sl.eu\/es\/wp-json\/wp\/v2\/comments?post=1819"}],"version-history":[{"count":2,"href":"https:\/\/link-sl.eu\/es\/wp-json\/wp\/v2\/pages\/1819\/revisions"}],"predecessor-version":[{"id":1821,"href":"https:\/\/link-sl.eu\/es\/wp-json\/wp\/v2\/pages\/1819\/revisions\/1821"}],"wp:attachment":[{"href":"https:\/\/link-sl.eu\/es\/wp-json\/wp\/v2\/media?parent=1819"}],"curies":[{"name":"wp","href":"https:\/\/api.w.org\/{rel}","templated":true}]}}