{"id":1800,"date":"2025-04-29T11:13:06","date_gmt":"2025-04-29T11:13:06","guid":{"rendered":"https:\/\/link-sl.eu\/parques-cientificos-y-tecnologicos\/"},"modified":"2025-10-14T13:22:40","modified_gmt":"2025-10-14T13:22:40","slug":"parques-cientificos-y-tecnologicos","status":"publish","type":"page","link":"https:\/\/link-sl.eu\/es\/parques-cientificos-y-tecnologicos\/","title":{"rendered":"Parques Cient\u00edficos y Tecnol\u00f3gicos"},"content":{"rendered":"[vc_row type=\u00bbfull_width_background\u00bb full_screen_row_position=\u00bbmiddle\u00bb column_margin=\u00bbnone\u00bb equal_height=\u00bbyes\u00bb column_direction=\u00bbdefault\u00bb column_direction_tablet=\u00bbdefault\u00bb column_direction_phone=\u00bbdefault\u00bb scene_position=\u00bbcenter\u00bb top_padding=\u00bb5%\u00bb bottom_padding=\u00bb2%\u00bb constrain_group_2=\u00bbyes\u00bb top_padding_phone=\u00bb8%\u00bb text_color=\u00bblight\u00bb text_align=\u00bbleft\u00bb row_border_radius=\u00bbnone\u00bb row_border_radius_applies=\u00bbbg\u00bb overflow=\u00bbvisible\u00bb overlay_strength=\u00bb0.3&#8243; gradient_direction=\u00bbleft_to_right\u00bb shape_divider_position=\u00bbbottom\u00bb bg_image_animation=\u00bbnone\u00bb gradient_type=\u00bbdefault\u00bb shape_type=\u00bb\u00bb][vc_column column_padding=\u00bbno-extra-padding\u00bb column_padding_tablet=\u00bbinherit\u00bb column_padding_phone=\u00bbinherit\u00bb column_padding_position=\u00bball\u00bb column_element_direction_desktop=\u00bbdefault\u00bb column_element_spacing=\u00bbdefault\u00bb desktop_text_alignment=\u00bbdefault\u00bb tablet_text_alignment=\u00bbdefault\u00bb phone_text_alignment=\u00bbdefault\u00bb background_color_opacity=\u00bb1&#8243; background_hover_color_opacity=\u00bb1&#8243; column_backdrop_filter=\u00bbnone\u00bb column_shadow=\u00bbnone\u00bb column_border_radius=\u00bbnone\u00bb column_link_target=\u00bb_self\u00bb column_position=\u00bbdefault\u00bb gradient_direction=\u00bbleft_to_right\u00bb overlay_strength=\u00bb0.3&#8243; width=\u00bb1\/1&#8243; tablet_width_inherit=\u00bbdefault\u00bb animation_type=\u00bbdefault\u00bb bg_image_animation=\u00bbnone\u00bb border_type=\u00bbsimple\u00bb column_border_width=\u00bbnone\u00bb column_border_style=\u00bbsolid\u00bb column_padding_type=\u00bbdefault\u00bb gradient_type=\u00bbdefault\u00bb][vc_row_inner equal_height=\u00bbyes\u00bb content_placement=\u00bbmiddle\u00bb column_margin=\u00bbdefault\u00bb column_direction=\u00bbdefault\u00bb column_direction_tablet=\u00bbdefault\u00bb column_direction_phone=\u00bbdefault\u00bb text_align=\u00bbleft\u00bb row_position=\u00bbdefault\u00bb row_position_tablet=\u00bbinherit\u00bb row_position_phone=\u00bbinherit\u00bb overflow=\u00bbvisible\u00bb pointer_events=\u00bball\u00bb][vc_column_inner left_padding_desktop=\u00bb5%\u00bb constrain_group_101=\u00bbyes\u00bb right_padding_desktop=\u00bb5%\u00bb left_padding_phone=\u00bb1%\u00bb constrain_group_105=\u00bbyes\u00bb right_padding_phone=\u00bb1%\u00bb column_element_direction_desktop=\u00bbdefault\u00bb column_element_spacing=\u00bbdefault\u00bb desktop_text_alignment=\u00bbdefault\u00bb tablet_text_alignment=\u00bbdefault\u00bb phone_text_alignment=\u00bbdefault\u00bb background_color_opacity=\u00bb1&#8243; background_hover_color_opacity=\u00bb1&#8243; column_backdrop_filter=\u00bbnone\u00bb column_shadow=\u00bbnone\u00bb column_border_radius=\u00bbnone\u00bb column_link_target=\u00bb_self\u00bb overflow=\u00bbvisible\u00bb gradient_direction=\u00bbleft_to_right\u00bb overlay_strength=\u00bb0.3&#8243; width=\u00bb1\/1&#8243; tablet_width_inherit=\u00bbsmall_desktop\u00bb animation_type=\u00bbdefault\u00bb enable_animation=\u00bbtrue\u00bb animation=\u00bbfade-in-from-bottom\u00bb animation_easing=\u00bbdefault\u00bb bg_image_animation=\u00bbnone\u00bb border_type=\u00bbsimple\u00bb column_border_width=\u00bbnone\u00bb column_border_style=\u00bbsolid\u00bb offset=\u00bbvc_col-md-6&#8243; column_padding_type=\u00bbadvanced\u00bb gradient_type=\u00bbdefault\u00bb][nectar_responsive_text inherited_font_style=\u00bbdefault\u00bb text_color=\u00bb#2992a0&#8243; text_direction=\u00bbdefault\u00bb]\n<h1><span style=\"font-family: gotham-medium;\">Parques Cient\u00edficos y Tecnol\u00f3gicos<\/span><\/h1>\n<p>\n[\/nectar_responsive_text][\/vc_column_inner][\/vc_row_inner][\/vc_column][\/vc_row][vc_row type=\u00bbfull_width_background\u00bb full_screen_row_position=\u00bbmiddle\u00bb column_margin=\u00bbdefault\u00bb column_direction=\u00bbdefault\u00bb column_direction_tablet=\u00bbdefault\u00bb column_direction_phone=\u00bbdefault\u00bb scene_position=\u00bbcenter\u00bb top_padding=\u00bb4%\u00bb bottom_padding=\u00bb4%\u00bb left_padding_phone=\u00bb1%\u00bb constrain_group_6=\u00bbyes\u00bb right_padding_phone=\u00bb1%\u00bb text_color=\u00bbdark\u00bb text_align=\u00bbleft\u00bb row_border_radius=\u00bbnone\u00bb row_border_radius_applies=\u00bbbg\u00bb overflow=\u00bbvisible\u00bb overlay_strength=\u00bb0.3&#8243; gradient_direction=\u00bbleft_to_right\u00bb shape_divider_position=\u00bbbottom\u00bb bg_image_animation=\u00bbnone\u00bb shape_type=\u00bb\u00bb gradient_type=\u00bbdefault\u00bb][vc_column column_padding=\u00bbno-extra-padding\u00bb column_padding_tablet=\u00bbinherit\u00bb column_padding_phone=\u00bbinherit\u00bb column_padding_position=\u00bball\u00bb column_element_direction_desktop=\u00bbdefault\u00bb column_element_spacing=\u00bbdefault\u00bb desktop_text_alignment=\u00bbdefault\u00bb tablet_text_alignment=\u00bbdefault\u00bb phone_text_alignment=\u00bbdefault\u00bb background_color_opacity=\u00bb1&#8243; background_hover_color_opacity=\u00bb1&#8243; column_backdrop_filter=\u00bbnone\u00bb column_shadow=\u00bbnone\u00bb column_border_radius=\u00bbnone\u00bb column_link_target=\u00bb_self\u00bb column_position=\u00bbdefault\u00bb gradient_direction=\u00bbleft_to_right\u00bb overlay_strength=\u00bb0.3&#8243; width=\u00bb1\/1&#8243; tablet_width_inherit=\u00bbdefault\u00bb animation_type=\u00bbdefault\u00bb bg_image_animation=\u00bbnone\u00bb border_type=\u00bbsimple\u00bb column_border_width=\u00bbnone\u00bb column_border_style=\u00bbsolid\u00bb][vc_row_inner column_margin=\u00bb90px\u00bb column_direction=\u00bbdefault\u00bb column_direction_tablet=\u00bbdefault\u00bb column_direction_phone=\u00bbdefault\u00bb text_align=\u00bbleft\u00bb row_position=\u00bbdefault\u00bb row_position_tablet=\u00bbinherit\u00bb row_position_phone=\u00bbinherit\u00bb overflow=\u00bbvisible\u00bb pointer_events=\u00bball\u00bb][vc_column_inner column_padding=\u00bbpadding-2-percent\u00bb column_padding_tablet=\u00bbinherit\u00bb column_padding_phone=\u00bbinherit\u00bb column_padding_position=\u00bbright\u00bb column_element_direction_desktop=\u00bbdefault\u00bb column_element_spacing=\u00bbdefault\u00bb desktop_text_alignment=\u00bbdefault\u00bb tablet_text_alignment=\u00bbdefault\u00bb phone_text_alignment=\u00bbdefault\u00bb background_color_opacity=\u00bb1&#8243; background_hover_color_opacity=\u00bb1&#8243; column_backdrop_filter=\u00bbnone\u00bb column_shadow=\u00bbnone\u00bb column_border_radius=\u00bbnone\u00bb column_link_target=\u00bb_self\u00bb overflow=\u00bbvisible\u00bb gradient_direction=\u00bbleft_to_right\u00bb overlay_strength=\u00bb0.3&#8243; width=\u00bb1\/3&#8243; tablet_width_inherit=\u00bbdefault\u00bb animation_type=\u00bbdefault\u00bb enable_animation=\u00bbtrue\u00bb animation=\u00bbfade-in-from-bottom\u00bb animation_easing=\u00bbdefault\u00bb bg_image_animation=\u00bbnone\u00bb border_type=\u00bbadvanced\u00bb border_right_desktop=\u00bb3px\u00bb column_border_color=\u00bb#2992a0&#8243; column_border_style=\u00bbsolid\u00bb column_padding_type=\u00bbdefault\u00bb gradient_type=\u00bbdefault\u00bb][divider line_type=\u00bbNo Line\u00bb custom_height=\u00bb10&#8243;][image_with_animation image_url=\u00bb1500&#8243; image_size=\u00bbfull\u00bb max_width=\u00bbcustom\u00bb animation_type=\u00bbentrance\u00bb animation=\u00bbNone\u00bb animation_movement_type=\u00bbtransform_y\u00bb hover_animation=\u00bbnone\u00bb alignment=\u00bbcenter\u00bb border_radius=\u00bbnone\u00bb box_shadow=\u00bbnone\u00bb image_loading=\u00bbdefault\u00bb max_width_custom=\u00bb65%\u00bb][divider line_type=\u00bbNo Line\u00bb custom_height=\u00bb10&#8243;][\/vc_column_inner][vc_column_inner column_padding=\u00bbno-extra-padding\u00bb column_padding_tablet=\u00bbinherit\u00bb column_padding_phone=\u00bbinherit\u00bb column_padding_position=\u00bball\u00bb column_element_direction_desktop=\u00bbdefault\u00bb column_element_spacing=\u00bbdefault\u00bb desktop_text_alignment=\u00bbdefault\u00bb tablet_text_alignment=\u00bbdefault\u00bb phone_text_alignment=\u00bbdefault\u00bb background_color_opacity=\u00bb1&#8243; background_hover_color_opacity=\u00bb1&#8243; column_backdrop_filter=\u00bbnone\u00bb column_shadow=\u00bbnone\u00bb column_border_radius=\u00bbnone\u00bb column_link_target=\u00bb_self\u00bb overflow=\u00bbvisible\u00bb gradient_direction=\u00bbleft_to_right\u00bb overlay_strength=\u00bb0.3&#8243; width=\u00bb2\/3&#8243; tablet_width_inherit=\u00bbdefault\u00bb animation_type=\u00bbdefault\u00bb enable_animation=\u00bbtrue\u00bb animation=\u00bbfade-in-from-bottom\u00bb animation_easing=\u00bbdefault\u00bb bg_image_animation=\u00bbnone\u00bb border_type=\u00bbsimple\u00bb column_border_width=\u00bbnone\u00bb column_border_style=\u00bbsolid\u00bb delay=\u00bb100&#8243;][nectar_responsive_text inherited_font_style=\u00bbdefault\u00bb text_color=\u00bb#000000&#8243; text_direction=\u00bbdefault\u00bb font_size_desktop=\u00bb28px\u00bb]\n<h2><span style=\"font-family: gotham-medium;\"><a href=\"http:\/\/www.orbital40.com\" target=\"_blank\" rel=\"noopener\">Orbital.40<\/a><\/span><\/h2>\n[\/nectar_responsive_text][nectar_responsive_text inherited_font_style=\u00bbdefault\u00bb text_color=\u00bb#2992a0&#8243; text_direction=\u00bbdefault\u00bb font_size_desktop=\u00bb24px\u00bb font_line_height=\u00bb34px\u00bb]\n<h3><span style=\"font-family: gotham-book;\">Dise\u00f1o y desarrollo institucional <\/span><\/h3>\n<p>\n[\/nectar_responsive_text][nectar_responsive_text inherited_font_style=\u00bbp\u00bb text_color=\u00bb#000000&#8243; text_direction=\u00bbdefault\u00bb font_size_desktop=\u00bb22px\u00bb]<span style=\"font-family: gotham-book;\"><span style=\"font-family: gotham-medium;\">Descripci\u00f3n<\/span><\/span>[\/nectar_responsive_text]<div class=\"nectar-fancy-ul\" data-list-icon=\"icon-salient-thin-line\" data-animation=\"false\" data-animation-delay=\"0\" data-color=\"accent-color\" data-spacing=\"10px\" data-alignment=\"left\"> \n<ul>\n<li>Orbital 40 nace para convertirse en uno de los parques tecnol\u00f3gicos de referencia del pa\u00eds. Los activos son: el Parc Audiovisual de Catalunya, el Centre Tecnol\u00f2gic Leitat, el Complex Franja Nord B-40, UPC Terrassa.<\/li>\n<li>Orbital 40 es uno de los 10 polos de innovaci\u00f3n de Catalu\u00f1a.<\/li>\n<\/ul>\n<p>\n <\/div>[nectar_responsive_text inherited_font_style=\u00bbp\u00bb text_color=\u00bb#000000&#8243; text_direction=\u00bbdefault\u00bb font_size_desktop=\u00bb22px\u00bb]<span style=\"font-family: gotham-book;\"><span style=\"font-family: gotham-medium;\">Objetivos<\/span><\/span>[\/nectar_responsive_text]<div class=\"nectar-fancy-ul\" data-list-icon=\"icon-salient-thin-line\" data-animation=\"false\" data-animation-delay=\"0\" data-color=\"accent-color\" data-spacing=\"10px\" data-alignment=\"left\"> \n<ul>\n<li>Definici\u00f3n conceptual del Parc Cient\u00edfic i Tecnol\u00f2gic de Terrassa.<\/li>\n<li>Desarrollo institucional del Parque.<\/li>\n<li>Puesta en marcha de la organizaci\u00f3n.<\/li>\n<li>Logro de objetivos del Parque.<\/li>\n<\/ul>\n<p>\n <\/div>[nectar_responsive_text inherited_font_style=\u00bbp\u00bb text_color=\u00bb#2992a0&#8243; text_direction=\u00bbdefault\u00bb font_size_desktop=\u00bb22px\u00bb]<span style=\"font-family: gotham-book;\"><span style=\"font-family: gotham-medium;\">Resultados<\/span><\/span>[\/nectar_responsive_text]<div class=\"nectar-fancy-ul\" data-list-icon=\"icon-salient-thin-line\" data-animation=\"false\" data-animation-delay=\"0\" data-color=\"accent-color\" data-spacing=\"10px\" data-alignment=\"left\"> \n<ul>\n<li>Conceptualizaci\u00f3n del Parque y de la estrategia institucional y tecnol\u00f3gica.<\/li>\n<li>Apoyo a la ejecuci\u00f3n del naming y el branding del Parque Orbital 40.<\/li>\n<li>Desarrollo institucional del Parque y de sus estatutos.<\/li>\n<li>Apoyo a la promoci\u00f3n, puesta en marcha efectiva, b\u00fasqueda de financiaci\u00f3n y a las relaciones p\u00fablicas.<\/li>\n<li>Selecci\u00f3n de la direcci\u00f3n y Plan operativo director de Orbital 40.<\/li>\n<\/ul>\n<p>\n <\/div>[\/vc_column_inner][\/vc_row_inner][\/vc_column][\/vc_row][vc_row type=\u00bbfull_width_background\u00bb full_screen_row_position=\u00bbmiddle\u00bb column_margin=\u00bbdefault\u00bb column_direction=\u00bbdefault\u00bb column_direction_tablet=\u00bbdefault\u00bb column_direction_phone=\u00bbdefault\u00bb bg_color=\u00bbrgba(247,247,247,0.8)\u00bb scene_position=\u00bbcenter\u00bb top_padding=\u00bb8%\u00bb bottom_padding=\u00bb4%\u00bb left_padding_desktop=\u00bb1%\u00bb constrain_group_2=\u00bbyes\u00bb right_padding_desktop=\u00bb1%\u00bb text_color=\u00bbdark\u00bb text_align=\u00bbleft\u00bb row_border_radius=\u00bbnone\u00bb row_border_radius_applies=\u00bbbg\u00bb overflow=\u00bbvisible\u00bb overlay_strength=\u00bb0.3&#8243; gradient_direction=\u00bbleft_to_right\u00bb shape_divider_position=\u00bbbottom\u00bb bg_image_animation=\u00bbnone\u00bb shape_type=\u00bb\u00bb gradient_type=\u00bbdefault\u00bb][vc_column column_padding=\u00bbno-extra-padding\u00bb column_padding_tablet=\u00bbinherit\u00bb column_padding_phone=\u00bbinherit\u00bb column_padding_position=\u00bball\u00bb column_element_direction_desktop=\u00bbdefault\u00bb column_element_spacing=\u00bbdefault\u00bb desktop_text_alignment=\u00bbdefault\u00bb tablet_text_alignment=\u00bbdefault\u00bb phone_text_alignment=\u00bbdefault\u00bb background_color_opacity=\u00bb1&#8243; background_hover_color_opacity=\u00bb1&#8243; column_backdrop_filter=\u00bbnone\u00bb column_shadow=\u00bbnone\u00bb column_border_radius=\u00bbnone\u00bb column_link_target=\u00bb_self\u00bb column_position=\u00bbdefault\u00bb gradient_direction=\u00bbleft_to_right\u00bb overlay_strength=\u00bb0.3&#8243; width=\u00bb1\/1&#8243; tablet_width_inherit=\u00bbdefault\u00bb animation_type=\u00bbdefault\u00bb bg_image_animation=\u00bbnone\u00bb border_type=\u00bbsimple\u00bb column_border_width=\u00bbnone\u00bb column_border_style=\u00bbsolid\u00bb][vc_row_inner column_margin=\u00bb90px\u00bb column_direction=\u00bbdefault\u00bb column_direction_tablet=\u00bbdefault\u00bb column_direction_phone=\u00bbdefault\u00bb text_align=\u00bbleft\u00bb row_position=\u00bbdefault\u00bb row_position_tablet=\u00bbinherit\u00bb row_position_phone=\u00bbinherit\u00bb overflow=\u00bbvisible\u00bb pointer_events=\u00bball\u00bb][vc_column_inner column_padding=\u00bbpadding-2-percent\u00bb column_padding_tablet=\u00bbinherit\u00bb column_padding_phone=\u00bbinherit\u00bb column_padding_position=\u00bbright\u00bb column_element_direction_desktop=\u00bbdefault\u00bb column_element_spacing=\u00bbdefault\u00bb desktop_text_alignment=\u00bbdefault\u00bb tablet_text_alignment=\u00bbdefault\u00bb phone_text_alignment=\u00bbdefault\u00bb background_color_opacity=\u00bb1&#8243; background_hover_color_opacity=\u00bb1&#8243; column_backdrop_filter=\u00bbnone\u00bb column_shadow=\u00bbnone\u00bb column_border_radius=\u00bbnone\u00bb column_link_target=\u00bb_self\u00bb overflow=\u00bbvisible\u00bb gradient_direction=\u00bbleft_to_right\u00bb overlay_strength=\u00bb0.3&#8243; width=\u00bb1\/3&#8243; tablet_width_inherit=\u00bbdefault\u00bb animation_type=\u00bbdefault\u00bb enable_animation=\u00bbtrue\u00bb animation=\u00bbfade-in-from-bottom\u00bb animation_easing=\u00bbdefault\u00bb bg_image_animation=\u00bbnone\u00bb border_type=\u00bbadvanced\u00bb border_right_desktop=\u00bb3px\u00bb column_border_color=\u00bb#2992a0&#8243; column_border_style=\u00bbsolid\u00bb column_padding_type=\u00bbdefault\u00bb gradient_type=\u00bbdefault\u00bb][divider line_type=\u00bbNo Line\u00bb custom_height=\u00bb10&#8243;][image_with_animation image_url=\u00bb1558&#8243; image_size=\u00bbfull\u00bb max_width=\u00bbcustom\u00bb animation_type=\u00bbentrance\u00bb animation=\u00bbNone\u00bb animation_movement_type=\u00bbtransform_y\u00bb hover_animation=\u00bbnone\u00bb alignment=\u00bbcenter\u00bb border_radius=\u00bbnone\u00bb box_shadow=\u00bbnone\u00bb image_loading=\u00bbdefault\u00bb max_width_custom=\u00bb40%\u00bb][divider line_type=\u00bbNo Line\u00bb custom_height=\u00bb10&#8243;][\/vc_column_inner][vc_column_inner column_padding=\u00bbno-extra-padding\u00bb column_padding_tablet=\u00bbinherit\u00bb column_padding_phone=\u00bbinherit\u00bb column_padding_position=\u00bball\u00bb column_element_direction_desktop=\u00bbdefault\u00bb column_element_spacing=\u00bbdefault\u00bb desktop_text_alignment=\u00bbdefault\u00bb tablet_text_alignment=\u00bbdefault\u00bb phone_text_alignment=\u00bbdefault\u00bb background_color_opacity=\u00bb1&#8243; background_hover_color_opacity=\u00bb1&#8243; column_backdrop_filter=\u00bbnone\u00bb column_shadow=\u00bbnone\u00bb column_border_radius=\u00bbnone\u00bb column_link_target=\u00bb_self\u00bb overflow=\u00bbvisible\u00bb gradient_direction=\u00bbleft_to_right\u00bb overlay_strength=\u00bb0.3&#8243; width=\u00bb2\/3&#8243; tablet_width_inherit=\u00bbdefault\u00bb animation_type=\u00bbdefault\u00bb enable_animation=\u00bbtrue\u00bb animation=\u00bbfade-in-from-bottom\u00bb animation_easing=\u00bbdefault\u00bb bg_image_animation=\u00bbnone\u00bb border_type=\u00bbsimple\u00bb column_border_width=\u00bbnone\u00bb column_border_style=\u00bbsolid\u00bb delay=\u00bb100&#8243;][nectar_responsive_text inherited_font_style=\u00bbdefault\u00bb text_color=\u00bb#000000&#8243; text_direction=\u00bbdefault\u00bb font_size_desktop=\u00bb28px\u00bb]\n<h2><span style=\"font-family: gotham-medium;\"><a href=\"http:\/\/www.parc.uab.es\" target=\"_blank\" rel=\"noopener\">PRUAB<\/a><\/span><\/h2>\n<p>\n[\/nectar_responsive_text][nectar_responsive_text inherited_font_style=\u00bbdefault\u00bb text_color=\u00bb#2992a0&#8243; text_direction=\u00bbdefault\u00bb font_size_desktop=\u00bb24px\u00bb font_line_height=\u00bb34px\u00bb]\n<h3><span style=\"font-family: gotham-book;\">Gu\u00eda de financiaci\u00f3n de la investigaci\u00f3n<\/span><\/h3>\n<p>\n[\/nectar_responsive_text][nectar_responsive_text inherited_font_style=\u00bbp\u00bb text_color=\u00bb#000000&#8243; text_direction=\u00bbdefault\u00bb font_size_desktop=\u00bb22px\u00bb]<span style=\"font-family: gotham-book;\"><span style=\"font-family: gotham-medium;\">Descripci\u00f3n<\/span><\/span>[\/nectar_responsive_text]<div class=\"nectar-fancy-ul\" data-list-icon=\"icon-salient-thin-line\" data-animation=\"false\" data-animation-delay=\"0\" data-color=\"accent-color\" data-spacing=\"10px\" data-alignment=\"left\"> \n<ul>\n<li>El Parc de Recerca UAB es una fundaci\u00f3n privada sin \u00e1nimo de lucro, constituida a finales del a\u00f1o 2007 como una herramienta b\u00e1sica de tres entidades punteras en investigaci\u00f3n: la Universitat Aut\u00f2noma de Barcelona (UAB), el Consejo Superior de Investigaciones Cient\u00edficas (CSIC) y el Institut de Recerca i Tecnologia Agroaliment\u00e0ries (IRTA), para el impulso y la mejora de la transferencia de conocimientos y de tecnolog\u00eda entre la Universidad y la empresa.<\/li>\n<\/ul>\n<p>\n <\/div>[nectar_responsive_text inherited_font_style=\u00bbp\u00bb text_color=\u00bb#000000&#8243; text_direction=\u00bbdefault\u00bb font_size_desktop=\u00bb22px\u00bb]<span style=\"font-family: gotham-book;\"><span style=\"font-family: gotham-medium;\">Objetivos<\/span><\/span>[\/nectar_responsive_text]<div class=\"nectar-fancy-ul\" data-list-icon=\"icon-salient-thin-line\" data-animation=\"false\" data-animation-delay=\"0\" data-color=\"accent-color\" data-spacing=\"10px\" data-alignment=\"left\"> \n<ul>\n<li>Mapa de oportunidad de financiaci\u00f3n.<\/li>\n<li>Apoyo en la preparaci\u00f3n de convocatorias de ayudas.<\/li>\n<li>Asesoramiento para la b\u00fasqueda de financiaci\u00f3n.<\/li>\n<\/ul>\n<p>\n <\/div>[nectar_responsive_text inherited_font_style=\u00bbp\u00bb text_color=\u00bb#2992a0&#8243; text_direction=\u00bbdefault\u00bb font_size_desktop=\u00bb22px\u00bb]<span style=\"font-family: gotham-book;\"><span style=\"font-family: gotham-medium;\">Resultados<\/span><\/span>[\/nectar_responsive_text]<div class=\"nectar-fancy-ul\" data-list-icon=\"icon-salient-thin-line\" data-animation=\"false\" data-animation-delay=\"0\" data-color=\"accent-color\" data-spacing=\"10px\" data-alignment=\"left\"> \n<ul>\n<li>Mapa de financiaci\u00f3n del PRUAB y su entorno cient\u00edfico.<\/li>\n<li>Entorno web de informaci\u00f3n y comunicaci\u00f3n sobre fondos para la investigaci\u00f3n.<\/li>\n<li>Servicio permanente de vigilancia de oportunidades de financiaci\u00f3n.<\/li>\n<\/ul>\n<p>\n <\/div>[\/vc_column_inner][\/vc_row_inner][\/vc_column][\/vc_row]\n","protected":false},"excerpt":{"rendered":"<p>[vc_row type=\u00bbfull_width_background\u00bb full_screen_row_position=\u00bbmiddle\u00bb column_margin=\u00bbnone\u00bb equal_height=\u00bbyes\u00bb column_direction=\u00bbdefault\u00bb column_direction_tablet=\u00bbdefault\u00bb column_direction_phone=\u00bbdefault\u00bb scene_position=\u00bbcenter\u00bb top_padding=\u00bb5%\u00bb bottom_padding=\u00bb2%\u00bb constrain_group_2=\u00bbyes\u00bb top_padding_phone=\u00bb8%\u00bb text_color=\u00bblight\u00bb text_align=\u00bbleft\u00bb row_border_radius=\u00bbnone\u00bb row_border_radius_applies=\u00bbbg\u00bb overflow=\u00bbvisible\u00bb overlay_strength=\u00bb0.3&#8243; gradient_direction=\u00bbleft_to_right\u00bb shape_divider_position=\u00bbbottom\u00bb bg_image_animation=\u00bbnone\u00bb gradient_type=\u00bbdefault\u00bb shape_type=\u00bb\u00bb][vc_column column_padding=\u00bbno-extra-padding\u00bb column_padding_tablet=\u00bbinherit\u00bb column_padding_phone=\u00bbinherit\u00bb column_padding_position=\u00bball\u00bb column_element_direction_desktop=\u00bbdefault\u00bb column_element_spacing=\u00bbdefault\u00bb&#8230;<\/p>\n","protected":false},"author":1,"featured_media":0,"parent":0,"menu_order":7,"comment_status":"closed","ping_status":"closed","template":"","meta":{"footnotes":""},"class_list":["post-1800","page","type-page","status-publish"],"_links":{"self":[{"href":"https:\/\/link-sl.eu\/es\/wp-json\/wp\/v2\/pages\/1800","targetHints":{"allow":["GET"]}}],"collection":[{"href":"https:\/\/link-sl.eu\/es\/wp-json\/wp\/v2\/pages"}],"about":[{"href":"https:\/\/link-sl.eu\/es\/wp-json\/wp\/v2\/types\/page"}],"author":[{"embeddable":true,"href":"https:\/\/link-sl.eu\/es\/wp-json\/wp\/v2\/users\/1"}],"replies":[{"embeddable":true,"href":"https:\/\/link-sl.eu\/es\/wp-json\/wp\/v2\/comments?post=1800"}],"version-history":[{"count":2,"href":"https:\/\/link-sl.eu\/es\/wp-json\/wp\/v2\/pages\/1800\/revisions"}],"predecessor-version":[{"id":1802,"href":"https:\/\/link-sl.eu\/es\/wp-json\/wp\/v2\/pages\/1800\/revisions\/1802"}],"wp:attachment":[{"href":"https:\/\/link-sl.eu\/es\/wp-json\/wp\/v2\/media?parent=1800"}],"curies":[{"name":"wp","href":"https:\/\/api.w.org\/{rel}","templated":true}]}}